{"id":15,"date":"2023-01-02T09:30:49","date_gmt":"2023-01-02T09:30:49","guid":{"rendered":"https:\/\/www.talma.lt\/?page_id=15"},"modified":"2023-01-10T12:52:31","modified_gmt":"2023-01-10T10:52:31","slug":"apie-mus","status":"publish","type":"page","link":"https:\/\/www.talma.lt\/lt\/apie-mus\/","title":{"rendered":"Apie mus"},"content":{"rendered":"<div data-elementor-type=\"wp-page\" data-elementor-id=\"15\" class=\"elementor elementor-15\">\n\t\t\t\t\t\t<section class=\"elementor-section elementor-top-section elementor-element elementor-element-dbe80db elementor-section-boxed elementor-section-height-default elementor-section-height-default\" data-id=\"dbe80db\" data-element_type=\"section\">\n\t\t\t\t\t\t<div class=\"elementor-container elementor-column-gap-default\">\n\t\t\t\t\t<div class=\"elementor-column elementor-col-100 elementor-top-column elementor-element elementor-element-5d93e2b\" data-id=\"5d93e2b\" data-element_type=\"column\">\n\t\t\t<div class=\"elementor-widget-wrap elementor-element-populated\">\n\t\t\t\t\t\t<div class=\"elementor-element elementor-element-b9b62ac elementor-widget elementor-widget-spacer\" data-id=\"b9b62ac\" data-element_type=\"widget\" data-widget_type=\"spacer.default\">\n\t\t\t\t<div class=\"elementor-widget-container\">\n\t\t\t\t\t<div class=\"elementor-spacer\">\n\t\t\t<div class=\"elementor-spacer-inner\"><\/div>\n\t\t<\/div>\n\t\t\t\t<\/div>\n\t\t\t\t<\/div>\n\t\t\t\t<div class=\"elementor-element elementor-element-efb6d3b elementor-widget elementor-widget-heading\" data-id=\"efb6d3b\" data-element_type=\"widget\" data-widget_type=\"heading.default\">\n\t\t\t\t<div class=\"elementor-widget-container\">\n\t\t\t<h2 class=\"elementor-heading-title elementor-size-default\">Apie mus<\/h2>\t\t<\/div>\n\t\t\t\t<\/div>\n\t\t\t\t<div class=\"elementor-element elementor-element-218a2f7 elementor-widget elementor-widget-spacer\" data-id=\"218a2f7\" data-element_type=\"widget\" data-widget_type=\"spacer.default\">\n\t\t\t\t<div class=\"elementor-widget-container\">\n\t\t\t\t\t<div class=\"elementor-spacer\">\n\t\t\t<div class=\"elementor-spacer-inner\"><\/div>\n\t\t<\/div>\n\t\t\t\t<\/div>\n\t\t\t\t<\/div>\n\t\t\t\t\t<\/div>\n\t\t<\/div>\n\t\t\t\t\t<\/div>\n\t\t<\/section>\n\t\t\t\t<section class=\"elementor-section elementor-top-section elementor-element elementor-element-a303b96 elementor-section-boxed elementor-section-height-default elementor-section-height-default\" data-id=\"a303b96\" data-element_type=\"section\">\n\t\t\t\t\t\t<div class=\"elementor-container elementor-column-gap-default\">\n\t\t\t\t\t<div class=\"elementor-column elementor-col-50 elementor-top-column elementor-element elementor-element-4d6c44a\" data-id=\"4d6c44a\" data-element_type=\"column\">\n\t\t\t<div class=\"elementor-widget-wrap elementor-element-populated\">\n\t\t\t\t\t\t<div class=\"elementor-element elementor-element-6aecef9 elementor-widget elementor-widget-text-editor\" data-id=\"6aecef9\" data-element_type=\"widget\" data-widget_type=\"text-editor.default\">\n\t\t\t\t<div class=\"elementor-widget-container\">\n\t\t\t\t\t\t\t<p>2000 m.<\/p>\t\t\t\t\t\t<\/div>\n\t\t\t\t<\/div>\n\t\t\t\t<div class=\"elementor-element elementor-element-1201e98 elementor-widget elementor-widget-text-editor\" data-id=\"1201e98\" data-element_type=\"widget\" data-widget_type=\"text-editor.default\">\n\t\t\t\t<div class=\"elementor-widget-container\">\n\t\t\t\t\t\t\t<p>Prad\u0117jau dirbti Lietuvoje did\u017eiausios lang\u0173 gamybos \u012fmon\u0117s UAB \u201eHronas\u201d Plung\u0117s filialo vadovu. Gaminome ir montavome plastikinius, medinius, aliuminio langus ir duris visoje \u017demaitijoje. Tai buvo nauja veiklos sritis. Teko \u012fgyti nema\u017eai \u017eini\u0173, kad klientams pateiktume kokybi\u0161k\u0105 gamin\u012f ir gerai atliktume montavimo darbus. Pastov\u016bs mokymai \u012fmon\u0117je, asmeninis dom\u0117jimasis \u0161ia sritimi, kokybi\u0161kas kolektyvo darbas leido i\u0161silaikyti rinkoje iki \u0161i\u0173 dien\u0173.<\/p>\t\t\t\t\t\t<\/div>\n\t\t\t\t<\/div>\n\t\t\t\t<div class=\"elementor-element elementor-element-ea8821e elementor-widget elementor-widget-text-editor\" data-id=\"ea8821e\" data-element_type=\"widget\" data-widget_type=\"text-editor.default\">\n\t\t\t\t<div class=\"elementor-widget-container\">\n\t\t\t\t\t\t\t<p>2005 m.<\/p>\t\t\t\t\t\t<\/div>\n\t\t\t\t<\/div>\n\t\t\t\t<div class=\"elementor-element elementor-element-667f71a elementor-widget elementor-widget-text-editor\" data-id=\"667f71a\" data-element_type=\"widget\" data-widget_type=\"text-editor.default\">\n\t\t\t\t<div class=\"elementor-widget-container\">\n\t\t\t\t\t\t\t<p>Prad\u0117jome veikti kaip atskira \u012fmon\u0117 UAB \u201eTALMA\u201d. I\u0161pl\u0117t\u0117me savo veiklos srit\u012f. Dabar \u012fmon\u0117 savo klientams gali pasi\u016blyti plastikinius, medinius, aliuminio langus , duris, \u0161arvuotas lauko ir vidaus duris, gara\u017eo vartus, vidaus duris standartines ir gaminamas pagal individualius u\u017esakymus, ber\u0117mes aliuminio-stiklo konstrukcijas, stoglangius, \u017ealiuzes, roletus, markizes. Konsultuojame, matuojame, montuojame, atliekame apdailos darbus. \u012emon\u0117je lankstome skardos gaminius.<\/p>\t\t\t\t\t\t<\/div>\n\t\t\t\t<\/div>\n\t\t\t\t<div class=\"elementor-element elementor-element-ed6119c elementor-widget elementor-widget-text-editor\" data-id=\"ed6119c\" data-element_type=\"widget\" data-widget_type=\"text-editor.default\">\n\t\t\t\t<div class=\"elementor-widget-container\">\n\t\t\t\t\t\t\t<p>2010 m.<\/p>\t\t\t\t\t\t<\/div>\n\t\t\t\t<\/div>\n\t\t\t\t<div class=\"elementor-element elementor-element-21b021f elementor-widget elementor-widget-text-editor\" data-id=\"21b021f\" data-element_type=\"widget\" data-widget_type=\"text-editor.default\">\n\t\t\t\t<div class=\"elementor-widget-container\">\n\t\t\t\t\t\t\t<p>\u012emon\u0117 \u012fsik\u016br\u0117 naujame, erdviame pastate, esan\u010diame I.Kon\u010diaus g.1 Plung\u0117.<br \/>UAB \u201eTALMA\u201d savo gaminiais papuo\u0161\u0117 ir suteik\u0117 \u0161ilum\u0105 daugumai Plung\u0117s, Rietavo ir kit\u0173 aplinkini\u0173 miest\u0173 pastatams: mokykloms, vaik\u0173 dar\u017eeliams, ligonin\u0117ms, administraciniams pastatams, daugiabu\u010diams, individualiems namams.<\/p>\t\t\t\t\t\t<\/div>\n\t\t\t\t<\/div>\n\t\t\t\t\t<\/div>\n\t\t<\/div>\n\t\t\t\t<div class=\"elementor-column elementor-col-50 elementor-top-column elementor-element elementor-element-ee481a3\" data-id=\"ee481a3\" data-element_type=\"column\">\n\t\t\t<div class=\"elementor-widget-wrap elementor-element-populated\">\n\t\t\t\t\t\t<div class=\"elementor-element elementor-element-a3eed5f elementor-widget elementor-widget-image\" data-id=\"a3eed5f\" data-element_type=\"widget\" data-widget_type=\"image.default\">\n\t\t\t\t<div class=\"elementor-widget-container\">\n\t\t\t\t\t\t\t\t\t\t\t\t\t<img fetchpriority=\"high\" decoding=\"async\" width=\"300\" height=\"200\" src=\"https:\/\/www.talma.lt\/wp-content\/uploads\/2023\/01\/rawpixel-799380-unsplash-300x200.jpg\" class=\"attachment-medium size-medium wp-image-107\" alt=\"\" srcset=\"https:\/\/www.talma.lt\/wp-content\/uploads\/2023\/01\/rawpixel-799380-unsplash-300x200.jpg 300w, https:\/\/www.talma.lt\/wp-content\/uploads\/2023\/01\/rawpixel-799380-unsplash-1024x682.jpg 1024w, https:\/\/www.talma.lt\/wp-content\/uploads\/2023\/01\/rawpixel-799380-unsplash-768x512.jpg 768w, https:\/\/www.talma.lt\/wp-content\/uploads\/2023\/01\/rawpixel-799380-unsplash-1536x1023.jpg 1536w, https:\/\/www.talma.lt\/wp-content\/uploads\/2023\/01\/rawpixel-799380-unsplash-18x12.jpg 18w, https:\/\/www.talma.lt\/wp-content\/uploads\/2023\/01\/rawpixel-799380-unsplash.jpg 1600w\" sizes=\"(max-width: 300px) 100vw, 300px\" \/>\t\t\t\t\t\t\t\t\t\t\t\t\t<\/div>\n\t\t\t\t<\/div>\n\t\t\t\t<div class=\"elementor-element elementor-element-62f440b elementor-widget elementor-widget-spacer\" data-id=\"62f440b\" data-element_type=\"widget\" data-widget_type=\"spacer.default\">\n\t\t\t\t<div class=\"elementor-widget-container\">\n\t\t\t\t\t<div class=\"elementor-spacer\">\n\t\t\t<div class=\"elementor-spacer-inner\"><\/div>\n\t\t<\/div>\n\t\t\t\t<\/div>\n\t\t\t\t<\/div>\n\t\t\t\t<section class=\"elementor-section elementor-inner-section elementor-element elementor-element-c1d4c49 elementor-section-boxed elementor-section-height-default elementor-section-height-default\" data-id=\"c1d4c49\" data-element_type=\"section\">\n\t\t\t\t\t\t<div class=\"elementor-container elementor-column-gap-default\">\n\t\t\t\t\t<div class=\"elementor-column elementor-col-100 elementor-inner-column elementor-element elementor-element-12ebfb0\" data-id=\"12ebfb0\" data-element_type=\"column\">\n\t\t\t<div class=\"elementor-widget-wrap elementor-element-populated\">\n\t\t\t\t\t\t<div class=\"elementor-element elementor-element-0258d97 elementor-widget elementor-widget-text-editor\" data-id=\"0258d97\" data-element_type=\"widget\" data-widget_type=\"text-editor.default\">\n\t\t\t\t<div class=\"elementor-widget-container\">\n\t\t\t\t\t\t\t<p><em>Mano vadovaujamoje \u012fmon\u0117je dirba patyr\u0119 savo srities specialistai. Stengiam\u0117s \u012fgyvendinti visus kliento norus, tiekdami kokybi\u0161kus produktus ir paslaugas u\u017e geriaus<\/em><em>i\u0105 kain\u0105.<\/em><\/p>\t\t\t\t\t\t<\/div>\n\t\t\t\t<\/div>\n\t\t\t\t\t<\/div>\n\t\t<\/div>\n\t\t\t\t\t<\/div>\n\t\t<\/section>\n\t\t\t\t<div class=\"elementor-element elementor-element-e424e70 elementor-widget elementor-widget-spacer\" data-id=\"e424e70\" data-element_type=\"widget\" data-widget_type=\"spacer.default\">\n\t\t\t\t<div class=\"elementor-widget-container\">\n\t\t\t\t\t<div class=\"elementor-spacer\">\n\t\t\t<div class=\"elementor-spacer-inner\"><\/div>\n\t\t<\/div>\n\t\t\t\t<\/div>\n\t\t\t\t<\/div>\n\t\t\t\t<div class=\"elementor-element elementor-element-bc1a926 elementor-widget elementor-widget-text-editor\" data-id=\"bc1a926\" data-element_type=\"widget\" data-widget_type=\"text-editor.default\">\n\t\t\t\t<div class=\"elementor-widget-container\">\n\t\t\t\t\t\t\t<p><strong>Direktorius Antanas Matevi\u010dius<\/strong><\/p>\t\t\t\t\t\t<\/div>\n\t\t\t\t<\/div>\n\t\t\t\t<div class=\"elementor-element elementor-element-576c62a elementor-widget elementor-widget-image\" data-id=\"576c62a\" data-element_type=\"widget\" data-widget_type=\"image.default\">\n\t\t\t\t<div class=\"elementor-widget-container\">\n\t\t\t\t\t\t\t\t\t\t\t\t\t\t<a href=\"https:\/\/www.talma.lt\/wp-content\/uploads\/2023\/01\/Kvalifikacijos-atestatas-scaled-1.jpg\" data-elementor-open-lightbox=\"yes\" data-elementor-lightbox-title=\"Kvalifikacijos-atestatas-scaled\" data-e-action-hash=\"#elementor-action%3Aaction%3Dlightbox%26settings%3DeyJpZCI6MTc4LCJ1cmwiOiJodHRwczpcL1wvd3d3LnRhbG1hLmx0XC93cC1jb250ZW50XC91cGxvYWRzXC8yMDIzXC8wMVwvS3ZhbGlmaWthY2lqb3MtYXRlc3RhdGFzLXNjYWxlZC0xLmpwZyJ9\">\n\t\t\t\t\t\t\t<img decoding=\"async\" width=\"212\" height=\"300\" src=\"https:\/\/www.talma.lt\/wp-content\/uploads\/2023\/01\/Kvalifikacijos-atestatas-scaled-1-212x300.jpg\" class=\"attachment-medium size-medium wp-image-178\" alt=\"\" srcset=\"https:\/\/www.talma.lt\/wp-content\/uploads\/2023\/01\/Kvalifikacijos-atestatas-scaled-1-212x300.jpg 212w, https:\/\/www.talma.lt\/wp-content\/uploads\/2023\/01\/Kvalifikacijos-atestatas-scaled-1-724x1024.jpg 724w, https:\/\/www.talma.lt\/wp-content\/uploads\/2023\/01\/Kvalifikacijos-atestatas-scaled-1-768x1086.jpg 768w, https:\/\/www.talma.lt\/wp-content\/uploads\/2023\/01\/Kvalifikacijos-atestatas-scaled-1-1087x1536.jpg 1087w, https:\/\/www.talma.lt\/wp-content\/uploads\/2023\/01\/Kvalifikacijos-atestatas-scaled-1-1449x2048.jpg 1449w, https:\/\/www.talma.lt\/wp-content\/uploads\/2023\/01\/Kvalifikacijos-atestatas-scaled-1-8x12.jpg 8w, https:\/\/www.talma.lt\/wp-content\/uploads\/2023\/01\/Kvalifikacijos-atestatas-scaled-1.jpg 1811w\" sizes=\"(max-width: 212px) 100vw, 212px\" \/>\t\t\t\t\t\t\t\t<\/a>\n\t\t\t\t\t\t\t\t\t\t\t\t\t<\/div>\n\t\t\t\t<\/div>\n\t\t\t\t\t<\/div>\n\t\t<\/div>\n\t\t\t\t\t<\/div>\n\t\t<\/section>\n\t\t\t\t<section class=\"elementor-section elementor-top-section elementor-element elementor-element-0de3d0f elementor-section-boxed elementor-section-height-default elementor-section-height-default\" data-id=\"0de3d0f\" data-element_type=\"section\">\n\t\t\t\t\t\t<div class=\"elementor-container elementor-column-gap-default\">\n\t\t\t\t\t<div class=\"elementor-column elementor-col-100 elementor-top-column elementor-element elementor-element-7982c1c\" data-id=\"7982c1c\" data-element_type=\"column\">\n\t\t\t<div class=\"elementor-widget-wrap elementor-element-populated\">\n\t\t\t\t\t\t<div class=\"elementor-element elementor-element-96a2dc7 elementor-widget elementor-widget-spacer\" data-id=\"96a2dc7\" data-element_type=\"widget\" data-widget_type=\"spacer.default\">\n\t\t\t\t<div class=\"elementor-widget-container\">\n\t\t\t\t\t<div class=\"elementor-spacer\">\n\t\t\t<div class=\"elementor-spacer-inner\"><\/div>\n\t\t<\/div>\n\t\t\t\t<\/div>\n\t\t\t\t<\/div>\n\t\t\t\t\t<\/div>\n\t\t<\/div>\n\t\t\t\t\t<\/div>\n\t\t<\/section>\n\t\t\t\t<\/div>","protected":false},"excerpt":{"rendered":"<p>Apie mus 2000 m. Prad\u0117jau dirbti Lietuvoje did\u017eiausios lang\u0173 gamybos \u012fmon\u0117s UAB \u201eHronas\u201d Plung\u0117s filialo vadovu. Gaminome ir montavome plastikinius, medinius, aliuminio langus ir duris visoje \u017demaitijoje. Tai buvo nauja veiklos sritis. Teko \u012fgyti nema\u017eai \u017eini\u0173, kad klientams pateiktume kokybi\u0161k\u0105 gamin\u012f ir gerai atliktume montavimo darbus. Pastov\u016bs mokymai \u012fmon\u0117je, asmeninis dom\u0117jimasis \u0161ia sritimi, kokybi\u0161kas kolektyvo [&hellip;]<\/p>","protected":false},"author":1,"featured_media":0,"parent":0,"menu_order":0,"comment_status":"closed","ping_status":"closed","template":"elementor_header_footer","meta":{"footnotes":""},"class_list":["post-15","page","type-page","status-publish","hentry"],"yoast_head":"<!-- This site is optimized with the Yoast SEO plugin v23.5 - https:\/\/yoast.com\/wordpress\/plugins\/seo\/ -->\n<title>Apie mus - UAB Talma<\/title>\n<meta name=\"robots\" content=\"index, follow, max-snippet:-1, max-image-preview:large, max-video-preview:-1\" \/>\n<link rel=\"canonical\" href=\"https:\/\/www.talma.lt\/lt\/apie-mus\/\" \/>\n<meta property=\"og:locale\" content=\"lt_LT\" \/>\n<meta property=\"og:type\" content=\"article\" \/>\n<meta property=\"og:title\" content=\"Apie mus - UAB Talma\" \/>\n<meta property=\"og:description\" content=\"Apie mus 2000 m. Prad\u0117jau dirbti Lietuvoje did\u017eiausios lang\u0173 gamybos \u012fmon\u0117s UAB \u201eHronas\u201d Plung\u0117s filialo vadovu. Gaminome ir montavome plastikinius, medinius, aliuminio langus ir duris visoje \u017demaitijoje. Tai buvo nauja veiklos sritis. Teko \u012fgyti nema\u017eai \u017eini\u0173, kad klientams pateiktume kokybi\u0161k\u0105 gamin\u012f ir gerai atliktume montavimo darbus. Pastov\u016bs mokymai \u012fmon\u0117je, asmeninis dom\u0117jimasis \u0161ia sritimi, kokybi\u0161kas kolektyvo [&hellip;]\" \/>\n<meta property=\"og:url\" content=\"https:\/\/www.talma.lt\/lt\/apie-mus\/\" \/>\n<meta property=\"og:site_name\" content=\"UAB Talma\" \/>\n<meta property=\"article:publisher\" content=\"https:\/\/www.facebook.com\/talma.lt\/\" \/>\n<meta property=\"article:modified_time\" content=\"2023-01-10T10:52:31+00:00\" \/>\n<meta property=\"og:image\" content=\"https:\/\/www.talma.lt\/wp-content\/uploads\/2023\/01\/rawpixel-799380-unsplash-300x200.jpg\" \/>\n<meta name=\"twitter:card\" content=\"summary_large_image\" \/>\n<meta name=\"twitter:label1\" content=\"Est. reading time\" \/>\n\t<meta name=\"twitter:data1\" content=\"2 minut\u0117s\" \/>\n<script type=\"application\/ld+json\" class=\"yoast-schema-graph\">{\"@context\":\"https:\/\/schema.org\",\"@graph\":[{\"@type\":\"WebPage\",\"@id\":\"https:\/\/www.talma.lt\/apie-mus\/\",\"url\":\"https:\/\/www.talma.lt\/apie-mus\/\",\"name\":\"Apie mus - UAB Talma\",\"isPartOf\":{\"@id\":\"https:\/\/www.talma.lt\/#website\"},\"primaryImageOfPage\":{\"@id\":\"https:\/\/www.talma.lt\/apie-mus\/#primaryimage\"},\"image\":{\"@id\":\"https:\/\/www.talma.lt\/apie-mus\/#primaryimage\"},\"thumbnailUrl\":\"https:\/\/www.talma.lt\/wp-content\/uploads\/2023\/01\/rawpixel-799380-unsplash-300x200.jpg\",\"datePublished\":\"2023-01-02T09:30:49+00:00\",\"dateModified\":\"2023-01-10T10:52:31+00:00\",\"breadcrumb\":{\"@id\":\"https:\/\/www.talma.lt\/apie-mus\/#breadcrumb\"},\"inLanguage\":\"lt-LT\",\"potentialAction\":[{\"@type\":\"ReadAction\",\"target\":[\"https:\/\/www.talma.lt\/apie-mus\/\"]}]},{\"@type\":\"ImageObject\",\"inLanguage\":\"lt-LT\",\"@id\":\"https:\/\/www.talma.lt\/apie-mus\/#primaryimage\",\"url\":\"https:\/\/www.talma.lt\/wp-content\/uploads\/2023\/01\/rawpixel-799380-unsplash-300x200.jpg\",\"contentUrl\":\"https:\/\/www.talma.lt\/wp-content\/uploads\/2023\/01\/rawpixel-799380-unsplash-300x200.jpg\"},{\"@type\":\"BreadcrumbList\",\"@id\":\"https:\/\/www.talma.lt\/apie-mus\/#breadcrumb\",\"itemListElement\":[{\"@type\":\"ListItem\",\"position\":1,\"name\":\"Home\",\"item\":\"https:\/\/www.talma.lt\/\"},{\"@type\":\"ListItem\",\"position\":2,\"name\":\"Apie mus\"}]},{\"@type\":\"WebSite\",\"@id\":\"https:\/\/www.talma.lt\/#website\",\"url\":\"https:\/\/www.talma.lt\/\",\"name\":\"UAB Talma\",\"description\":\"UAB Talma - Langai, durys, aliuminio gaminiai...\",\"publisher\":{\"@id\":\"https:\/\/www.talma.lt\/#organization\"},\"potentialAction\":[{\"@type\":\"SearchAction\",\"target\":{\"@type\":\"EntryPoint\",\"urlTemplate\":\"https:\/\/www.talma.lt\/?s={search_term_string}\"},\"query-input\":{\"@type\":\"PropertyValueSpecification\",\"valueRequired\":true,\"valueName\":\"search_term_string\"}}],\"inLanguage\":\"lt-LT\"},{\"@type\":\"Organization\",\"@id\":\"https:\/\/www.talma.lt\/#organization\",\"name\":\"UAB Talma\",\"url\":\"https:\/\/www.talma.lt\/\",\"logo\":{\"@type\":\"ImageObject\",\"inLanguage\":\"lt-LT\",\"@id\":\"https:\/\/www.talma.lt\/#\/schema\/logo\/image\/\",\"url\":\"https:\/\/www.talma.lt\/wp-content\/uploads\/2022\/12\/talmalogo-copy.png\",\"contentUrl\":\"https:\/\/www.talma.lt\/wp-content\/uploads\/2022\/12\/talmalogo-copy.png\",\"width\":250,\"height\":49,\"caption\":\"UAB Talma\"},\"image\":{\"@id\":\"https:\/\/www.talma.lt\/#\/schema\/logo\/image\/\"},\"sameAs\":[\"https:\/\/www.facebook.com\/talma.lt\/\"]}]}<\/script>\n<!-- \/ Yoast SEO plugin. -->","yoast_head_json":{"title":"Apie mus - UAB Talma","robots":{"index":"index","follow":"follow","max-snippet":"max-snippet:-1","max-image-preview":"max-image-preview:large","max-video-preview":"max-video-preview:-1"},"canonical":"https:\/\/www.talma.lt\/lt\/apie-mus\/","og_locale":"lt_LT","og_type":"article","og_title":"Apie mus - UAB Talma","og_description":"Apie mus 2000 m. Prad\u0117jau dirbti Lietuvoje did\u017eiausios lang\u0173 gamybos \u012fmon\u0117s UAB \u201eHronas\u201d Plung\u0117s filialo vadovu. Gaminome ir montavome plastikinius, medinius, aliuminio langus ir duris visoje \u017demaitijoje. Tai buvo nauja veiklos sritis. Teko \u012fgyti nema\u017eai \u017eini\u0173, kad klientams pateiktume kokybi\u0161k\u0105 gamin\u012f ir gerai atliktume montavimo darbus. Pastov\u016bs mokymai \u012fmon\u0117je, asmeninis dom\u0117jimasis \u0161ia sritimi, kokybi\u0161kas kolektyvo [&hellip;]","og_url":"https:\/\/www.talma.lt\/lt\/apie-mus\/","og_site_name":"UAB Talma","article_publisher":"https:\/\/www.facebook.com\/talma.lt\/","article_modified_time":"2023-01-10T10:52:31+00:00","og_image":[{"url":"https:\/\/www.talma.lt\/wp-content\/uploads\/2023\/01\/rawpixel-799380-unsplash-300x200.jpg"}],"twitter_card":"summary_large_image","twitter_misc":{"Est. reading time":"2 minut\u0117s"},"schema":{"@context":"https:\/\/schema.org","@graph":[{"@type":"WebPage","@id":"https:\/\/www.talma.lt\/apie-mus\/","url":"https:\/\/www.talma.lt\/apie-mus\/","name":"Apie mus - UAB Talma","isPartOf":{"@id":"https:\/\/www.talma.lt\/#website"},"primaryImageOfPage":{"@id":"https:\/\/www.talma.lt\/apie-mus\/#primaryimage"},"image":{"@id":"https:\/\/www.talma.lt\/apie-mus\/#primaryimage"},"thumbnailUrl":"https:\/\/www.talma.lt\/wp-content\/uploads\/2023\/01\/rawpixel-799380-unsplash-300x200.jpg","datePublished":"2023-01-02T09:30:49+00:00","dateModified":"2023-01-10T10:52:31+00:00","breadcrumb":{"@id":"https:\/\/www.talma.lt\/apie-mus\/#breadcrumb"},"inLanguage":"lt-LT","potentialAction":[{"@type":"ReadAction","target":["https:\/\/www.talma.lt\/apie-mus\/"]}]},{"@type":"ImageObject","inLanguage":"lt-LT","@id":"https:\/\/www.talma.lt\/apie-mus\/#primaryimage","url":"https:\/\/www.talma.lt\/wp-content\/uploads\/2023\/01\/rawpixel-799380-unsplash-300x200.jpg","contentUrl":"https:\/\/www.talma.lt\/wp-content\/uploads\/2023\/01\/rawpixel-799380-unsplash-300x200.jpg"},{"@type":"BreadcrumbList","@id":"https:\/\/www.talma.lt\/apie-mus\/#breadcrumb","itemListElement":[{"@type":"ListItem","position":1,"name":"Home","item":"https:\/\/www.talma.lt\/"},{"@type":"ListItem","position":2,"name":"Apie mus"}]},{"@type":"WebSite","@id":"https:\/\/www.talma.lt\/#website","url":"https:\/\/www.talma.lt\/","name":"UAB Talma","description":"UAB Talma - Langai, durys, aliuminio gaminiai...","publisher":{"@id":"https:\/\/www.talma.lt\/#organization"},"potentialAction":[{"@type":"SearchAction","target":{"@type":"EntryPoint","urlTemplate":"https:\/\/www.talma.lt\/?s={search_term_string}"},"query-input":{"@type":"PropertyValueSpecification","valueRequired":true,"valueName":"search_term_string"}}],"inLanguage":"lt-LT"},{"@type":"Organization","@id":"https:\/\/www.talma.lt\/#organization","name":"UAB Talma","url":"https:\/\/www.talma.lt\/","logo":{"@type":"ImageObject","inLanguage":"lt-LT","@id":"https:\/\/www.talma.lt\/#\/schema\/logo\/image\/","url":"https:\/\/www.talma.lt\/wp-content\/uploads\/2022\/12\/talmalogo-copy.png","contentUrl":"https:\/\/www.talma.lt\/wp-content\/uploads\/2022\/12\/talmalogo-copy.png","width":250,"height":49,"caption":"UAB Talma"},"image":{"@id":"https:\/\/www.talma.lt\/#\/schema\/logo\/image\/"},"sameAs":["https:\/\/www.facebook.com\/talma.lt\/"]}]}},"_links":{"self":[{"href":"https:\/\/www.talma.lt\/lt\/wp-json\/wp\/v2\/pages\/15","targetHints":{"allow":["GET"]}}],"collection":[{"href":"https:\/\/www.talma.lt\/lt\/wp-json\/wp\/v2\/pages"}],"about":[{"href":"https:\/\/www.talma.lt\/lt\/wp-json\/wp\/v2\/types\/page"}],"author":[{"embeddable":true,"href":"https:\/\/www.talma.lt\/lt\/wp-json\/wp\/v2\/users\/1"}],"replies":[{"embeddable":true,"href":"https:\/\/www.talma.lt\/lt\/wp-json\/wp\/v2\/comments?post=15"}],"version-history":[{"count":13,"href":"https:\/\/www.talma.lt\/lt\/wp-json\/wp\/v2\/pages\/15\/revisions"}],"predecessor-version":[{"id":937,"href":"https:\/\/www.talma.lt\/lt\/wp-json\/wp\/v2\/pages\/15\/revisions\/937"}],"wp:attachment":[{"href":"https:\/\/www.talma.lt\/lt\/wp-json\/wp\/v2\/media?parent=15"}],"curies":[{"name":"wp","href":"https:\/\/api.w.org\/{rel}","templated":true}]}}